{"id":20151,"date":"2024-09-15T15:40:23","date_gmt":"2024-09-15T13:40:23","guid":{"rendered":"https:\/\/verschluss.de\/?page_id=20151"},"modified":"2025-12-22T23:16:29","modified_gmt":"2025-12-22T22:16:29","slug":"ueber-uns","status":"publish","type":"page","link":"https:\/\/verschluss.de\/en\/ueber-uns\/","title":{"rendered":"about us"},"content":{"rendered":"<div data-elementor-type=\"wp-page\" data-elementor-id=\"20151\" class=\"elementor elementor-20151\" data-elementor-post-type=\"page\">\n\t\t\t\t<div class=\"elementor-element elementor-element-5a10c85 e-flex e-con-boxed e-con e-parent\" data-id=\"5a10c85\" data-element_type=\"container\" data-e-type=\"container\" data-settings=\"{&quot;background_background&quot;:&quot;classic&quot;,&quot;jet_parallax_layout_list&quot;:[]}\">\n\t\t\t\t\t<div class=\"e-con-inner\">\n\t\t<div class=\"elementor-element elementor-element-1205a61 e-con-full e-flex e-con e-child\" data-id=\"1205a61\" data-element_type=\"container\" data-e-type=\"container\" data-settings=\"{&quot;jet_parallax_layout_list&quot;:[]}\">\n\t\t\t\t<div class=\"elementor-element elementor-element-a484fbd elementor-widget elementor-widget-heading\" data-id=\"a484fbd\" data-element_type=\"widget\" data-e-type=\"widget\" data-widget_type=\"heading.default\">\n\t\t\t\t<div class=\"elementor-widget-container\">\n\t\t\t\t\t<h2 class=\"elementor-heading-title elementor-size-default\">about us<\/h2>\t\t\t\t<\/div>\n\t\t\t\t<\/div>\n\t\t\t\t<\/div>\n\t\t\t\t\t<\/div>\n\t\t\t\t<\/div>\n\t\t<div class=\"elementor-element elementor-element-1a1161b e-flex e-con-boxed e-con e-parent\" data-id=\"1a1161b\" data-element_type=\"container\" data-e-type=\"container\" data-settings=\"{&quot;jet_parallax_layout_list&quot;:[]}\">\n\t\t\t\t\t<div class=\"e-con-inner\">\n\t\t<div class=\"elementor-element elementor-element-977ece6 e-con-full e-flex e-con e-child\" data-id=\"977ece6\" data-element_type=\"container\" data-e-type=\"container\" data-settings=\"{&quot;jet_parallax_layout_list&quot;:[]}\">\n\t\t\t\t<div class=\"elementor-element elementor-element-60d3ded breadcrumbspfundsch elementor-widget elementor-widget-text-editor\" data-id=\"60d3ded\" data-element_type=\"widget\" data-e-type=\"widget\" data-widget_type=\"text-editor.default\">\n\t\t\t\t<div class=\"elementor-widget-container\">\n\t\t\t\t\t\t\t\t\t<p><a href=\"https:\/\/verschluss.de\/en\/\">Startseite<\/a> &gt; \u00dcber Uns<\/p>\t\t\t\t\t\t\t\t<\/div>\n\t\t\t\t<\/div>\n\t\t\t\t<\/div>\n\t\t\t\t\t<\/div>\n\t\t\t\t<\/div>\n\t\t<div class=\"elementor-element elementor-element-4a5afce e-flex e-con-boxed e-con e-parent\" data-id=\"4a5afce\" data-element_type=\"container\" data-e-type=\"container\" data-settings=\"{&quot;background_background&quot;:&quot;classic&quot;,&quot;jet_parallax_layout_list&quot;:[]}\">\n\t\t\t\t\t<div class=\"e-con-inner\">\n\t\t<div class=\"elementor-element elementor-element-e37de8b e-con-full e-flex e-con e-child\" data-id=\"e37de8b\" data-element_type=\"container\" data-e-type=\"container\" data-settings=\"{&quot;jet_parallax_layout_list&quot;:[]}\">\n\t\t\t\t<div class=\"elementor-element elementor-element-50e23ca elementor-widget elementor-widget-text-editor\" data-id=\"50e23ca\" data-element_type=\"widget\" data-e-type=\"widget\" data-widget_type=\"text-editor.default\">\n\t\t\t\t<div class=\"elementor-widget-container\">\n\t\t\t\t\t\t\t\t\t<p>Wir, die Pfefferkorn &amp; Schneider GmbH sind Ihr kompetenter Ansprechpartner im Bereich der Flaschenverschl\u00fcsse und Veredelung.<\/p><p>We also manufacture technical plastic parts and sample containers for an ever-growing number of customers in the beverage industry, capital goods, pharmaceuticals, automotive, medical technology and others.<\/p><p>Our design, tool making, injection molding department, agraffe production, capsule production and mechanical engineering are at your disposal with our know-how, which has steadily grown over decades, to realize your visions.<\/p><p>So why keep looking when you can easily get everything from one source?<\/p>\t\t\t\t\t\t\t\t<\/div>\n\t\t\t\t<\/div>\n\t\t\t\t<div class=\"elementor-element elementor-element-0c6973d elementor-widget elementor-widget-button\" data-id=\"0c6973d\" data-element_type=\"widget\" data-e-type=\"widget\" data-widget_type=\"button.default\">\n\t\t\t\t<div class=\"elementor-widget-container\">\n\t\t\t\t\t\t\t\t\t<div class=\"elementor-button-wrapper\">\n\t\t\t\t\t<a class=\"elementor-button elementor-button-link elementor-size-sm\" href=\"https:\/\/verschluss.de\/en\/portraits\/\" id=\"buttonheaderstartseite\">\n\t\t\t\t\t\t<span class=\"elementor-button-content-wrapper\">\n\t\t\t\t\t\t<span class=\"elementor-button-icon\">\n\t\t\t\t<i aria-hidden=\"true\" class=\"far fa-images\"><\/i>\t\t\t<\/span>\n\t\t\t\t\t\t\t\t\t<span class=\"elementor-button-text\">Would you like to find out more about us?<\/span>\n\t\t\t\t\t<\/span>\n\t\t\t\t\t<\/a>\n\t\t\t\t<\/div>\n\t\t\t\t\t\t\t\t<\/div>\n\t\t\t\t<\/div>\n\t\t\t\t<\/div>\n\t\t<div class=\"elementor-element elementor-element-5ba06b5 e-con-full elementor-hidden-mobile e-flex e-con e-child\" data-id=\"5ba06b5\" data-element_type=\"container\" data-e-type=\"container\" data-settings=\"{&quot;jet_parallax_layout_list&quot;:[]}\">\n\t\t\t\t<div class=\"elementor-element elementor-element-4346487 elementor-widget elementor-widget-image\" data-id=\"4346487\" data-element_type=\"widget\" data-e-type=\"widget\" data-widget_type=\"image.default\">\n\t\t\t\t<div class=\"elementor-widget-container\">\n\t\t\t\t\t\t\t\t\t\t\t\t\t\t\t<img fetchpriority=\"high\" decoding=\"async\" width=\"330\" height=\"330\" src=\"https:\/\/verschluss.de\/wp-content\/uploads\/2024\/09\/logo_pfefferkorn-und-schneider-gmbh.svg\" class=\"attachment-full size-full wp-image-26612\" alt=\"Logo Pfefferkorn &amp; Schneider GmbH\" \/>\t\t\t\t\t\t\t\t\t\t\t\t\t\t\t<\/div>\n\t\t\t\t<\/div>\n\t\t\t\t<\/div>\n\t\t\t\t\t<\/div>\n\t\t\t\t<\/div>\n\t\t\t\t<\/div>","protected":false},"excerpt":{"rendered":"<p>\u00dcber Uns Startseite &gt; \u00dcber Uns Wir, die Pfefferkorn &amp; Schneider GmbH sind Ihr kompetenter Ansprechpartner im Bereich der Flaschenverschl\u00fcsse und Veredelung. Dar\u00fcber hinaus fertigen wir auch technische Kunststoffteile und Probenbeh\u00e4lter bei einer st\u00e4ndig wachsenden Zahl von Kunden aus den Bereichen Getr\u00e4nkeindustrie, Investitionsg\u00fcter, Pharmazie, Automotive, Medizintechnik und anderen. Unsere Konstruktion, der Werkzeugbau, die Spritzgussabteilung, die [&hellip;]<\/p>\n","protected":false},"author":1,"featured_media":0,"parent":0,"menu_order":0,"comment_status":"closed","ping_status":"closed","template":"","meta":{"site-sidebar-layout":"no-sidebar","site-content-layout":"page-builder","ast-site-content-layout":"full-width-container","site-content-style":"default","site-sidebar-style":"default","ast-global-header-display":"","ast-banner-title-visibility":"","ast-main-header-display":"","ast-hfb-above-header-display":"","ast-hfb-below-header-display":"","ast-hfb-mobile-header-display":"","site-post-title":"disabled","ast-breadcrumbs-content":"","ast-featured-img":"disabled","footer-sml-layout":"","ast-disable-related-posts":"","theme-transparent-header-meta":"","adv-header-id-meta":"","stick-header-meta":"","header-above-stick-meta":"","header-main-stick-meta":"","header-below-stick-meta":"","astra-migrate-meta-layouts":"set","ast-page-background-enabled":"default","ast-page-background-meta":{"desktop":{"background-color":"var(--ast-global-color-4)","background-image":"","background-repeat":"repeat","background-position":"center center","background-size":"auto","background-attachment":"scroll","background-type":"","background-media":"","overlay-type":"","overlay-color":"","overlay-opacity":"","overlay-gradient":""},"tablet":{"background-color":"","background-image":"","background-repeat":"repeat","background-position":"center center","background-size":"auto","background-attachment":"scroll","background-type":"","background-media":"","overlay-type":"","overlay-color":"","overlay-opacity":"","overlay-gradient":""},"mobile":{"background-color":"","background-image":"","background-repeat":"repeat","background-position":"center center","background-size":"auto","background-attachment":"scroll","background-type":"","background-media":"","overlay-type":"","overlay-color":"","overlay-opacity":"","overlay-gradient":""}},"ast-content-background-meta":{"desktop":{"background-color":"var(--ast-global-color-5)","background-image":"","background-repeat":"repeat","background-position":"center center","background-size":"auto","background-attachment":"scroll","background-type":"","background-media":"","overlay-type":"","overlay-color":"","overlay-opacity":"","overlay-gradient":""},"tablet":{"background-color":"var(--ast-global-color-5)","background-image":"","background-repeat":"repeat","background-position":"center center","background-size":"auto","background-attachment":"scroll","background-type":"","background-media":"","overlay-type":"","overlay-color":"","overlay-opacity":"","overlay-gradient":""},"mobile":{"background-color":"var(--ast-global-color-5)","background-image":"","background-repeat":"repeat","background-position":"center center","background-size":"auto","background-attachment":"scroll","background-type":"","background-media":"","overlay-type":"","overlay-color":"","overlay-opacity":"","overlay-gradient":""}},"footnotes":""},"class_list":["post-20151","page","type-page","status-publish","hentry"],"yoast_head":"<!-- This site is optimized with the Yoast SEO plugin v27.5 - https:\/\/yoast.com\/product\/yoast-seo-wordpress\/ -->\n<title>\u00dcber Uns - Verschluss.de<\/title>\n<meta name=\"robots\" content=\"index, follow, max-snippet:-1, max-image-preview:large, max-video-preview:-1\" \/>\n<link rel=\"canonical\" href=\"https:\/\/verschluss.de\/en\/ueber-uns\/\" \/>\n<meta property=\"og:locale\" content=\"en_GB\" \/>\n<meta property=\"og:type\" content=\"article\" \/>\n<meta property=\"og:title\" content=\"\u00dcber Uns - Verschluss.de\" \/>\n<meta property=\"og:description\" content=\"\u00dcber Uns Startseite &gt; \u00dcber Uns Wir, die Pfefferkorn &amp; Schneider GmbH sind Ihr kompetenter Ansprechpartner im Bereich der Flaschenverschl\u00fcsse und Veredelung. Dar\u00fcber hinaus fertigen wir auch technische Kunststoffteile und Probenbeh\u00e4lter bei einer st\u00e4ndig wachsenden Zahl von Kunden aus den Bereichen Getr\u00e4nkeindustrie, Investitionsg\u00fcter, Pharmazie, Automotive, Medizintechnik und anderen. Unsere Konstruktion, der Werkzeugbau, die Spritzgussabteilung, die [&hellip;]\" \/>\n<meta property=\"og:url\" content=\"https:\/\/verschluss.de\/en\/ueber-uns\/\" \/>\n<meta property=\"og:site_name\" content=\"Verschluss.de\" \/>\n<meta property=\"article:modified_time\" content=\"2025-12-22T22:16:29+00:00\" \/>\n<meta name=\"twitter:card\" content=\"summary_large_image\" \/>\n<meta name=\"twitter:label1\" content=\"Estimated reading time\" \/>\n\t<meta name=\"twitter:data1\" content=\"1 minute\" \/>\n<script type=\"application\/ld+json\" class=\"yoast-schema-graph\">{\"@context\":\"https:\\\/\\\/schema.org\",\"@graph\":[{\"@type\":\"WebPage\",\"@id\":\"https:\\\/\\\/verschluss.de\\\/ueber-uns\\\/\",\"url\":\"https:\\\/\\\/verschluss.de\\\/ueber-uns\\\/\",\"name\":\"\u00dcber Uns - Verschluss.de\",\"isPartOf\":{\"@id\":\"https:\\\/\\\/verschluss.de\\\/#website\"},\"primaryImageOfPage\":{\"@id\":\"https:\\\/\\\/verschluss.de\\\/ueber-uns\\\/#primaryimage\"},\"image\":{\"@id\":\"https:\\\/\\\/verschluss.de\\\/ueber-uns\\\/#primaryimage\"},\"thumbnailUrl\":\"https:\\\/\\\/verschluss.de\\\/wp-content\\\/uploads\\\/2024\\\/09\\\/logo_pfefferkorn-und-schneider-gmbh.svg\",\"datePublished\":\"2024-09-15T13:40:23+00:00\",\"dateModified\":\"2025-12-22T22:16:29+00:00\",\"breadcrumb\":{\"@id\":\"https:\\\/\\\/verschluss.de\\\/ueber-uns\\\/#breadcrumb\"},\"inLanguage\":\"en-GB\",\"potentialAction\":[{\"@type\":\"ReadAction\",\"target\":[\"https:\\\/\\\/verschluss.de\\\/ueber-uns\\\/\"]}]},{\"@type\":\"ImageObject\",\"inLanguage\":\"en-GB\",\"@id\":\"https:\\\/\\\/verschluss.de\\\/ueber-uns\\\/#primaryimage\",\"url\":\"https:\\\/\\\/verschluss.de\\\/wp-content\\\/uploads\\\/2024\\\/09\\\/logo_pfefferkorn-und-schneider-gmbh.svg\",\"contentUrl\":\"https:\\\/\\\/verschluss.de\\\/wp-content\\\/uploads\\\/2024\\\/09\\\/logo_pfefferkorn-und-schneider-gmbh.svg\"},{\"@type\":\"BreadcrumbList\",\"@id\":\"https:\\\/\\\/verschluss.de\\\/ueber-uns\\\/#breadcrumb\",\"itemListElement\":[{\"@type\":\"ListItem\",\"position\":1,\"name\":\"Startseite\",\"item\":\"https:\\\/\\\/verschluss.de\\\/\"},{\"@type\":\"ListItem\",\"position\":2,\"name\":\"\u00dcber Uns\"}]},{\"@type\":\"WebSite\",\"@id\":\"https:\\\/\\\/verschluss.de\\\/#website\",\"url\":\"https:\\\/\\\/verschluss.de\\\/\",\"name\":\"Verschluss.de\",\"description\":\"Wir entwickeln und realisieren Ihre Visionen in der Welt der Thermoplaste\",\"potentialAction\":[{\"@type\":\"SearchAction\",\"target\":{\"@type\":\"EntryPoint\",\"urlTemplate\":\"https:\\\/\\\/verschluss.de\\\/?s={search_term_string}\"},\"query-input\":{\"@type\":\"PropertyValueSpecification\",\"valueRequired\":true,\"valueName\":\"search_term_string\"}}],\"inLanguage\":\"en-GB\"}]}<\/script>\n<!-- \/ Yoast SEO plugin. -->","yoast_head_json":{"title":"\u00dcber Uns - Verschluss.de","robots":{"index":"index","follow":"follow","max-snippet":"max-snippet:-1","max-image-preview":"max-image-preview:large","max-video-preview":"max-video-preview:-1"},"canonical":"https:\/\/verschluss.de\/en\/ueber-uns\/","og_locale":"en_GB","og_type":"article","og_title":"\u00dcber Uns - Verschluss.de","og_description":"\u00dcber Uns Startseite &gt; \u00dcber Uns Wir, die Pfefferkorn &amp; Schneider GmbH sind Ihr kompetenter Ansprechpartner im Bereich der Flaschenverschl\u00fcsse und Veredelung. Dar\u00fcber hinaus fertigen wir auch technische Kunststoffteile und Probenbeh\u00e4lter bei einer st\u00e4ndig wachsenden Zahl von Kunden aus den Bereichen Getr\u00e4nkeindustrie, Investitionsg\u00fcter, Pharmazie, Automotive, Medizintechnik und anderen. Unsere Konstruktion, der Werkzeugbau, die Spritzgussabteilung, die [&hellip;]","og_url":"https:\/\/verschluss.de\/en\/ueber-uns\/","og_site_name":"Verschluss.de","article_modified_time":"2025-12-22T22:16:29+00:00","twitter_card":"summary_large_image","twitter_misc":{"Estimated reading time":"1 minute"},"schema":{"@context":"https:\/\/schema.org","@graph":[{"@type":"WebPage","@id":"https:\/\/verschluss.de\/ueber-uns\/","url":"https:\/\/verschluss.de\/ueber-uns\/","name":"\u00dcber Uns - Verschluss.de","isPartOf":{"@id":"https:\/\/verschluss.de\/#website"},"primaryImageOfPage":{"@id":"https:\/\/verschluss.de\/ueber-uns\/#primaryimage"},"image":{"@id":"https:\/\/verschluss.de\/ueber-uns\/#primaryimage"},"thumbnailUrl":"https:\/\/verschluss.de\/wp-content\/uploads\/2024\/09\/logo_pfefferkorn-und-schneider-gmbh.svg","datePublished":"2024-09-15T13:40:23+00:00","dateModified":"2025-12-22T22:16:29+00:00","breadcrumb":{"@id":"https:\/\/verschluss.de\/ueber-uns\/#breadcrumb"},"inLanguage":"en-GB","potentialAction":[{"@type":"ReadAction","target":["https:\/\/verschluss.de\/ueber-uns\/"]}]},{"@type":"ImageObject","inLanguage":"en-GB","@id":"https:\/\/verschluss.de\/ueber-uns\/#primaryimage","url":"https:\/\/verschluss.de\/wp-content\/uploads\/2024\/09\/logo_pfefferkorn-und-schneider-gmbh.svg","contentUrl":"https:\/\/verschluss.de\/wp-content\/uploads\/2024\/09\/logo_pfefferkorn-und-schneider-gmbh.svg"},{"@type":"BreadcrumbList","@id":"https:\/\/verschluss.de\/ueber-uns\/#breadcrumb","itemListElement":[{"@type":"ListItem","position":1,"name":"Startseite","item":"https:\/\/verschluss.de\/"},{"@type":"ListItem","position":2,"name":"\u00dcber Uns"}]},{"@type":"WebSite","@id":"https:\/\/verschluss.de\/#website","url":"https:\/\/verschluss.de\/","name":"Verschluss.de","description":"Wir entwickeln und realisieren Ihre Visionen in der Welt der Thermoplaste","potentialAction":[{"@type":"SearchAction","target":{"@type":"EntryPoint","urlTemplate":"https:\/\/verschluss.de\/?s={search_term_string}"},"query-input":{"@type":"PropertyValueSpecification","valueRequired":true,"valueName":"search_term_string"}}],"inLanguage":"en-GB"}]}},"_links":{"self":[{"href":"https:\/\/verschluss.de\/en\/wp-json\/wp\/v2\/pages\/20151","targetHints":{"allow":["GET"]}}],"collection":[{"href":"https:\/\/verschluss.de\/en\/wp-json\/wp\/v2\/pages"}],"about":[{"href":"https:\/\/verschluss.de\/en\/wp-json\/wp\/v2\/types\/page"}],"author":[{"embeddable":true,"href":"https:\/\/verschluss.de\/en\/wp-json\/wp\/v2\/users\/1"}],"replies":[{"embeddable":true,"href":"https:\/\/verschluss.de\/en\/wp-json\/wp\/v2\/comments?post=20151"}],"version-history":[{"count":10,"href":"https:\/\/verschluss.de\/en\/wp-json\/wp\/v2\/pages\/20151\/revisions"}],"predecessor-version":[{"id":26703,"href":"https:\/\/verschluss.de\/en\/wp-json\/wp\/v2\/pages\/20151\/revisions\/26703"}],"wp:attachment":[{"href":"https:\/\/verschluss.de\/en\/wp-json\/wp\/v2\/media?parent=20151"}],"curies":[{"name":"wp","href":"https:\/\/api.w.org\/{rel}","templated":true}]}}